{"id":81212,"date":"2022-06-14T09:49:21","date_gmt":"2022-06-14T09:49:21","guid":{"rendered":"https:\/\/webook.today\/?page_id=81212"},"modified":"2026-03-31T20:23:17","modified_gmt":"2026-03-31T20:23:17","slug":"fonctionnalites","status":"publish","type":"page","link":"https:\/\/webook.today\/fr\/fonctionnalites\/","title":{"rendered":"Fonctionnalit\u00e9s"},"content":{"rendered":"","protected":false},"excerpt":{"rendered":"","protected":false},"author":1,"featured_media":0,"parent":0,"menu_order":0,"comment_status":"closed","ping_status":"closed","template":"","meta":{"_seopress_robots_primary_cat":"","_seopress_titles_title":"Logiciel de r\u00e9servation restaurant en ligne | WeBook Today","_seopress_titles_desc":"Plateforme compl\u00e8te pour restaurants : r\u00e9servations en ligne, \u00e9v\u00e9nements, marketing client et paiements. Augmentez vos r\u00e9servations et votre chiffre d\u2019affaires. Commencez pour 1 \u20ac.","_seopress_robots_index":"","content-type":"","pmpro_default_level":0},"_links":{"self":[{"href":"https:\/\/webook.today\/fr\/wp-json\/wp\/v2\/pages\/81212\/"}],"collection":[{"href":"https:\/\/webook.today\/fr\/wp-json\/wp\/v2\/pages\/"}],"about":[{"href":"https:\/\/webook.today\/fr\/wp-json\/wp\/v2\/types\/page\/"}],"author":[{"embeddable":true,"href":"https:\/\/webook.today\/fr\/wp-json\/wp\/v2\/users\/1\/"}],"replies":[{"embeddable":true,"href":"https:\/\/webook.today\/fr\/wp-json\/wp\/v2\/comments\/?post=81212"}],"version-history":[{"count":5,"href":"https:\/\/webook.today\/fr\/wp-json\/wp\/v2\/pages\/81212\/revisions\/"}],"predecessor-version":[{"id":81797,"href":"https:\/\/webook.today\/fr\/wp-json\/wp\/v2\/pages\/81212\/revisions\/81797\/"}],"wp:attachment":[{"href":"https:\/\/webook.today\/fr\/wp-json\/wp\/v2\/media\/?parent=81212"}],"curies":[{"name":"wp","href":"https:\/\/api.w.org\/{rel}","templated":true}]}}