{"id":81662,"date":"2022-06-14T09:13:32","date_gmt":"2022-06-14T09:13:32","guid":{"rendered":"https:\/\/webook.today\/?page_id=81662"},"modified":"2026-04-02T14:17:31","modified_gmt":"2026-04-02T14:17:31","slug":"start","status":"publish","type":"page","link":"https:\/\/webook.today\/fr\/","title":{"rendered":"Start"},"content":{"rendered":"","protected":false},"excerpt":{"rendered":"","protected":false},"author":1,"featured_media":0,"parent":0,"menu_order":0,"comment_status":"closed","ping_status":"closed","template":"","meta":{"_seopress_robots_primary_cat":"","_seopress_titles_title":"Plateforme de r\u00e9servation et \u00e9v\u00e9nements pour restaurants | WeBook Today","_seopress_titles_desc":"G\u00e9rez vos r\u00e9servations, vendez des exp\u00e9riences et d\u00e9veloppez votre chiffre d\u2019affaires avec une seule plateforme. Sans commission. Commencez pour 1 \u20ac le premier mois.","_seopress_robots_index":"","content-type":"","pmpro_default_level":0},"_links":{"self":[{"href":"https:\/\/webook.today\/fr\/wp-json\/wp\/v2\/pages\/81662\/"}],"collection":[{"href":"https:\/\/webook.today\/fr\/wp-json\/wp\/v2\/pages\/"}],"about":[{"href":"https:\/\/webook.today\/fr\/wp-json\/wp\/v2\/types\/page\/"}],"author":[{"embeddable":true,"href":"https:\/\/webook.today\/fr\/wp-json\/wp\/v2\/users\/1\/"}],"replies":[{"embeddable":true,"href":"https:\/\/webook.today\/fr\/wp-json\/wp\/v2\/comments\/?post=81662"}],"version-history":[{"count":2,"href":"https:\/\/webook.today\/fr\/wp-json\/wp\/v2\/pages\/81662\/revisions\/"}],"predecessor-version":[{"id":81665,"href":"https:\/\/webook.today\/fr\/wp-json\/wp\/v2\/pages\/81662\/revisions\/81665\/"}],"wp:attachment":[{"href":"https:\/\/webook.today\/fr\/wp-json\/wp\/v2\/media\/?parent=81662"}],"curies":[{"name":"wp","href":"https:\/\/api.w.org\/{rel}","templated":true}]}}