{"id":81858,"date":"2022-06-14T09:49:36","date_gmt":"2022-06-14T09:49:36","guid":{"rendered":"https:\/\/webook.today\/pricing-2\/"},"modified":"2026-03-21T06:44:41","modified_gmt":"2026-03-21T06:44:41","slug":"prix","status":"publish","type":"page","link":"https:\/\/webook.today\/fr\/prix\/","title":{"rendered":"prix"},"content":{"rendered":"","protected":false},"excerpt":{"rendered":"","protected":false},"author":1,"featured_media":0,"parent":0,"menu_order":0,"comment_status":"closed","ping_status":"closed","template":"","meta":{"_seopress_robots_primary_cat":"","_seopress_titles_title":"Logiciel de r\u00e9servation restaurant \u2013 Tarifs | WeBook Today","_seopress_titles_desc":"D\u00e9couvrez les tarifs de WeBook Today. Logiciel de r\u00e9servation sans commission pour restaurants, caf\u00e9s et d\u00e9partements F&B. R\u00e9servations illimit\u00e9es, \u00e9v\u00e9nements, paiements en ligne. Commencez pour 1 \u20ac.","_seopress_robots_index":"","content-type":"","pmpro_default_level":0},"_links":{"self":[{"href":"https:\/\/webook.today\/fr\/wp-json\/wp\/v2\/pages\/81858\/"}],"collection":[{"href":"https:\/\/webook.today\/fr\/wp-json\/wp\/v2\/pages\/"}],"about":[{"href":"https:\/\/webook.today\/fr\/wp-json\/wp\/v2\/types\/page\/"}],"author":[{"embeddable":true,"href":"https:\/\/webook.today\/fr\/wp-json\/wp\/v2\/users\/1\/"}],"replies":[{"embeddable":true,"href":"https:\/\/webook.today\/fr\/wp-json\/wp\/v2\/comments\/?post=81858"}],"version-history":[{"count":1,"href":"https:\/\/webook.today\/fr\/wp-json\/wp\/v2\/pages\/81858\/revisions\/"}],"predecessor-version":[{"id":81869,"href":"https:\/\/webook.today\/fr\/wp-json\/wp\/v2\/pages\/81858\/revisions\/81869\/"}],"wp:attachment":[{"href":"https:\/\/webook.today\/fr\/wp-json\/wp\/v2\/media\/?parent=81858"}],"curies":[{"name":"wp","href":"https:\/\/api.w.org\/{rel}","templated":true}]}}