{"id":81649,"date":"2022-06-14T09:13:32","date_gmt":"2022-06-14T09:13:32","guid":{"rendered":"https:\/\/webook.today\/?page_id=81649"},"modified":"2026-04-02T14:14:16","modified_gmt":"2026-04-02T14:14:16","slug":"start","status":"publish","type":"page","link":"https:\/\/webook.today\/lt\/","title":{"rendered":"Start"},"content":{"rendered":"","protected":false},"excerpt":{"rendered":"","protected":false},"author":1,"featured_media":0,"parent":0,"menu_order":0,"comment_status":"closed","ping_status":"closed","template":"","meta":{"_seopress_robots_primary_cat":"","_seopress_titles_title":"Restoran\u0173 rezervavimo sistema | Staliuk\u0173 rezervacijos ir renginiai \u2013 WeBook Today","_seopress_titles_desc":"Padidinkite savo restorano, kavin\u0117s ar vie\u0161bu\u010dio F&B pajamas su pilna rezervacij\u0173, rengini\u0173 ir i\u0161ankstini\u0173 mok\u0117jim\u0173 sistema.","_seopress_robots_index":"","content-type":"","pmpro_default_level":0},"_links":{"self":[{"href":"https:\/\/webook.today\/lt\/wp-json\/wp\/v2\/pages\/81649\/"}],"collection":[{"href":"https:\/\/webook.today\/lt\/wp-json\/wp\/v2\/pages\/"}],"about":[{"href":"https:\/\/webook.today\/lt\/wp-json\/wp\/v2\/types\/page\/"}],"author":[{"embeddable":true,"href":"https:\/\/webook.today\/lt\/wp-json\/wp\/v2\/users\/1\/"}],"replies":[{"embeddable":true,"href":"https:\/\/webook.today\/lt\/wp-json\/wp\/v2\/comments\/?post=81649"}],"version-history":[{"count":2,"href":"https:\/\/webook.today\/lt\/wp-json\/wp\/v2\/pages\/81649\/revisions\/"}],"predecessor-version":[{"id":81652,"href":"https:\/\/webook.today\/lt\/wp-json\/wp\/v2\/pages\/81649\/revisions\/81652\/"}],"wp:attachment":[{"href":"https:\/\/webook.today\/lt\/wp-json\/wp\/v2\/media\/?parent=81649"}],"curies":[{"name":"wp","href":"https:\/\/api.w.org\/{rel}","templated":true}]}}