{"id":81799,"date":"2026-03-12T20:49:19","date_gmt":"2026-03-12T20:49:19","guid":{"rendered":"https:\/\/webook.today\/?page_id=81799"},"modified":"2026-03-31T20:24:40","modified_gmt":"2026-03-31T20:24:40","slug":"funkcijos","status":"publish","type":"page","link":"https:\/\/webook.today\/lt\/funkcijos\/","title":{"rendered":"Funkcijos"},"content":{"rendered":"","protected":false},"excerpt":{"rendered":"","protected":false},"author":1,"featured_media":0,"parent":0,"menu_order":0,"comment_status":"closed","ping_status":"closed","template":"","meta":{"_seopress_robots_primary_cat":"","_seopress_titles_title":"Funkcijos | Rezervacij\u0173 sistema restoranams ir vie\u0161bu\u010di\u0173 F&B | WeBook Today","_seopress_titles_desc":"Valdykite rezervacijas, renginius, patirtis ir i\u0161ankstinius mok\u0117jimus vienoje platformoje. Didinkite u\u017eimtum\u0105 ir pelningum\u0105.","_seopress_robots_index":"","content-type":"","pmpro_default_level":0},"_links":{"self":[{"href":"https:\/\/webook.today\/lt\/wp-json\/wp\/v2\/pages\/81799\/"}],"collection":[{"href":"https:\/\/webook.today\/lt\/wp-json\/wp\/v2\/pages\/"}],"about":[{"href":"https:\/\/webook.today\/lt\/wp-json\/wp\/v2\/types\/page\/"}],"author":[{"embeddable":true,"href":"https:\/\/webook.today\/lt\/wp-json\/wp\/v2\/users\/1\/"}],"replies":[{"embeddable":true,"href":"https:\/\/webook.today\/lt\/wp-json\/wp\/v2\/comments\/?post=81799"}],"version-history":[{"count":3,"href":"https:\/\/webook.today\/lt\/wp-json\/wp\/v2\/pages\/81799\/revisions\/"}],"predecessor-version":[{"id":81806,"href":"https:\/\/webook.today\/lt\/wp-json\/wp\/v2\/pages\/81799\/revisions\/81806\/"}],"wp:attachment":[{"href":"https:\/\/webook.today\/lt\/wp-json\/wp\/v2\/media\/?parent=81799"}],"curies":[{"name":"wp","href":"https:\/\/api.w.org\/{rel}","templated":true}]}}