{"id":81861,"date":"2022-06-14T09:49:36","date_gmt":"2022-06-14T09:49:36","guid":{"rendered":"https:\/\/webook.today\/pricing\/"},"modified":"2026-03-21T05:34:37","modified_gmt":"2026-03-21T05:34:37","slug":"kainos","status":"publish","type":"page","link":"https:\/\/webook.today\/lt\/kainos\/","title":{"rendered":"kainos"},"content":{"rendered":"","protected":false},"excerpt":{"rendered":"","protected":false},"author":1,"featured_media":0,"parent":0,"menu_order":0,"comment_status":"closed","ping_status":"closed","template":"","meta":{"_seopress_robots_primary_cat":"","_seopress_titles_title":"Restoran\u0173 rezervacij\u0173 sistema \u2013 kainos | WeBook Today","_seopress_titles_desc":"Atraskite \u201eWeBook Today\u201c kainas restoranams. Be komisini\u0173 mokes\u010di\u0173, neribotos rezervacijos ir galimyb\u0117 parduoti renginius internetu. Prad\u0117kite u\u017e 1 \u20ac.","_seopress_robots_index":"","content-type":"","pmpro_default_level":0},"_links":{"self":[{"href":"https:\/\/webook.today\/lt\/wp-json\/wp\/v2\/pages\/81861\/"}],"collection":[{"href":"https:\/\/webook.today\/lt\/wp-json\/wp\/v2\/pages\/"}],"about":[{"href":"https:\/\/webook.today\/lt\/wp-json\/wp\/v2\/types\/page\/"}],"author":[{"embeddable":true,"href":"https:\/\/webook.today\/lt\/wp-json\/wp\/v2\/users\/1\/"}],"replies":[{"embeddable":true,"href":"https:\/\/webook.today\/lt\/wp-json\/wp\/v2\/comments\/?post=81861"}],"version-history":[{"count":1,"href":"https:\/\/webook.today\/lt\/wp-json\/wp\/v2\/pages\/81861\/revisions\/"}],"predecessor-version":[{"id":81872,"href":"https:\/\/webook.today\/lt\/wp-json\/wp\/v2\/pages\/81861\/revisions\/81872\/"}],"wp:attachment":[{"href":"https:\/\/webook.today\/lt\/wp-json\/wp\/v2\/media\/?parent=81861"}],"curies":[{"name":"wp","href":"https:\/\/api.w.org\/{rel}","templated":true}]}}