{"id":61996,"date":"2022-06-14T09:49:48","date_gmt":"2022-06-14T09:49:48","guid":{"rendered":"https:\/\/webook.today\/kontakt\/"},"modified":"2026-03-19T11:13:00","modified_gmt":"2026-03-19T11:13:00","slug":"kontakt","status":"publish","type":"page","link":"https:\/\/webook.today\/no\/kontakt\/","title":{"rendered":"Kontakt"},"content":{"rendered":"","protected":false},"excerpt":{"rendered":"","protected":false},"author":1,"featured_media":0,"parent":0,"menu_order":0,"comment_status":"closed","ping_status":"closed","template":"","meta":{"_seopress_robots_primary_cat":"","_seopress_titles_title":"Kontakt | Bookingsystem for restauranter | WeBook Today","_seopress_titles_desc":"Kontakt oss for \u00e5 komme i gang med WeBook Today. Vi hjelper restauranter og hotell F&B-avdelinger med \u00e5 \u00f8ke reservasjoner og omsetning.","_seopress_robots_index":"","content-type":"","pmpro_default_level":0},"_links":{"self":[{"href":"https:\/\/webook.today\/no\/wp-json\/wp\/v2\/pages\/61996\/"}],"collection":[{"href":"https:\/\/webook.today\/no\/wp-json\/wp\/v2\/pages\/"}],"about":[{"href":"https:\/\/webook.today\/no\/wp-json\/wp\/v2\/types\/page\/"}],"author":[{"embeddable":true,"href":"https:\/\/webook.today\/no\/wp-json\/wp\/v2\/users\/1\/"}],"replies":[{"embeddable":true,"href":"https:\/\/webook.today\/no\/wp-json\/wp\/v2\/comments\/?post=61996"}],"version-history":[{"count":1,"href":"https:\/\/webook.today\/no\/wp-json\/wp\/v2\/pages\/61996\/revisions\/"}],"predecessor-version":[{"id":62069,"href":"https:\/\/webook.today\/no\/wp-json\/wp\/v2\/pages\/61996\/revisions\/62069\/"}],"wp:attachment":[{"href":"https:\/\/webook.today\/no\/wp-json\/wp\/v2\/media\/?parent=61996"}],"curies":[{"name":"wp","href":"https:\/\/api.w.org\/{rel}","templated":true}]}}