{"id":81599,"date":"2026-03-10T16:53:23","date_gmt":"2026-03-10T16:53:23","guid":{"rendered":"https:\/\/webook.today\/?page_id=81599"},"modified":"2026-04-19T09:29:14","modified_gmt":"2026-04-19T09:29:14","slug":"start","status":"publish","type":"page","link":"https:\/\/webook.today\/no\/","title":{"rendered":"Start"},"content":{"rendered":"","protected":false},"excerpt":{"rendered":"","protected":false},"author":1,"featured_media":0,"parent":0,"menu_order":0,"comment_status":"closed","ping_status":"closed","template":"","meta":{"_seopress_robots_primary_cat":"","_seopress_titles_title":"Bookingsystem for restauranter | \u00d8k omsetning og reservasjoner | WeBook Today","_seopress_titles_desc":"\u00d8k omsetningen i din restaurant, caf\u00e9 eller hotell F&B-avdeling med et komplett bookingsystem for reservasjoner, events og forh\u00e5ndsbetaling.","_seopress_robots_index":"","content-type":"","pmpro_default_level":0},"_links":{"self":[{"href":"https:\/\/webook.today\/no\/wp-json\/wp\/v2\/pages\/81599\/"}],"collection":[{"href":"https:\/\/webook.today\/no\/wp-json\/wp\/v2\/pages\/"}],"about":[{"href":"https:\/\/webook.today\/no\/wp-json\/wp\/v2\/types\/page\/"}],"author":[{"embeddable":true,"href":"https:\/\/webook.today\/no\/wp-json\/wp\/v2\/users\/1\/"}],"replies":[{"embeddable":true,"href":"https:\/\/webook.today\/no\/wp-json\/wp\/v2\/comments\/?post=81599"}],"version-history":[{"count":2,"href":"https:\/\/webook.today\/no\/wp-json\/wp\/v2\/pages\/81599\/revisions\/"}],"predecessor-version":[{"id":81602,"href":"https:\/\/webook.today\/no\/wp-json\/wp\/v2\/pages\/81599\/revisions\/81602\/"}],"wp:attachment":[{"href":"https:\/\/webook.today\/no\/wp-json\/wp\/v2\/media\/?parent=81599"}],"curies":[{"name":"wp","href":"https:\/\/api.w.org\/{rel}","templated":true}]}}