{"id":81768,"date":"2022-06-14T09:49:21","date_gmt":"2022-06-14T09:49:21","guid":{"rendered":"https:\/\/webook.today\/?page_id=81768"},"modified":"2026-03-31T20:17:50","modified_gmt":"2026-03-31T20:17:50","slug":"produkter","status":"publish","type":"page","link":"https:\/\/webook.today\/no\/produkter\/","title":{"rendered":"Produkter"},"content":{"rendered":"","protected":false},"excerpt":{"rendered":"","protected":false},"author":1,"featured_media":0,"parent":0,"menu_order":0,"comment_status":"closed","ping_status":"closed","template":"","meta":{"_seopress_robots_primary_cat":"","_seopress_titles_title":"Produkter | Bookingsystem for restauranter og hotell F&B | WeBook Today","_seopress_titles_desc":"H\u00e5ndter bordbestillinger, events, opplevelser og forh\u00e5ndsbetaling i ett system. Optimaliser kapasitet og \u00f8k l\u00f8nnsomheten.","_seopress_robots_index":"","content-type":"","pmpro_default_level":0},"_links":{"self":[{"href":"https:\/\/webook.today\/no\/wp-json\/wp\/v2\/pages\/81768\/"}],"collection":[{"href":"https:\/\/webook.today\/no\/wp-json\/wp\/v2\/pages\/"}],"about":[{"href":"https:\/\/webook.today\/no\/wp-json\/wp\/v2\/types\/page\/"}],"author":[{"embeddable":true,"href":"https:\/\/webook.today\/no\/wp-json\/wp\/v2\/users\/1\/"}],"replies":[{"embeddable":true,"href":"https:\/\/webook.today\/no\/wp-json\/wp\/v2\/comments\/?post=81768"}],"version-history":[{"count":5,"href":"https:\/\/webook.today\/no\/wp-json\/wp\/v2\/pages\/81768\/revisions\/"}],"predecessor-version":[{"id":81888,"href":"https:\/\/webook.today\/no\/wp-json\/wp\/v2\/pages\/81768\/revisions\/81888\/"}],"wp:attachment":[{"href":"https:\/\/webook.today\/no\/wp-json\/wp\/v2\/media\/?parent=81768"}],"curies":[{"name":"wp","href":"https:\/\/api.w.org\/{rel}","templated":true}]}}