{"id":81585,"date":"2022-06-14T09:13:32","date_gmt":"2022-06-14T09:13:32","guid":{"rendered":"https:\/\/webook.today\/?page_id=81585"},"modified":"2026-04-19T09:28:22","modified_gmt":"2026-04-19T09:28:22","slug":"start-2","status":"publish","type":"page","link":"https:\/\/webook.today\/sv\/","title":{"rendered":"Start"},"content":{"rendered":"","protected":false},"excerpt":{"rendered":"","protected":false},"author":1,"featured_media":0,"parent":0,"menu_order":0,"comment_status":"closed","ping_status":"closed","template":"","meta":{"_seopress_robots_primary_cat":"","_seopress_titles_title":"Restaurangbokning & F&B system | \u00d6ka int\u00e4kter | WeBook Today","_seopress_titles_desc":"\u00d6ka int\u00e4kterna i din restaurang eller hotell F&B-avdelning med ett komplett boknings- och f\u00f6rs\u00e4ljningssystem. F\u00e5 fler bokningar, events och f\u00f6rskottsbetalningar.","_seopress_robots_index":"","content-type":"","pmpro_default_level":0},"_links":{"self":[{"href":"https:\/\/webook.today\/sv\/wp-json\/wp\/v2\/pages\/81585\/"}],"collection":[{"href":"https:\/\/webook.today\/sv\/wp-json\/wp\/v2\/pages\/"}],"about":[{"href":"https:\/\/webook.today\/sv\/wp-json\/wp\/v2\/types\/page\/"}],"author":[{"embeddable":true,"href":"https:\/\/webook.today\/sv\/wp-json\/wp\/v2\/users\/1\/"}],"replies":[{"embeddable":true,"href":"https:\/\/webook.today\/sv\/wp-json\/wp\/v2\/comments\/?post=81585"}],"version-history":[{"count":2,"href":"https:\/\/webook.today\/sv\/wp-json\/wp\/v2\/pages\/81585\/revisions\/"}],"predecessor-version":[{"id":81588,"href":"https:\/\/webook.today\/sv\/wp-json\/wp\/v2\/pages\/81585\/revisions\/81588\/"}],"wp:attachment":[{"href":"https:\/\/webook.today\/sv\/wp-json\/wp\/v2\/media\/?parent=81585"}],"curies":[{"name":"wp","href":"https:\/\/api.w.org\/{rel}","templated":true}]}}