{"id":81777,"date":"2022-06-14T09:49:21","date_gmt":"2022-06-14T09:49:21","guid":{"rendered":"https:\/\/webook.today\/?page_id=81777"},"modified":"2026-03-31T20:18:46","modified_gmt":"2026-03-31T20:18:46","slug":"funktioner","status":"publish","type":"page","link":"https:\/\/webook.today\/sv\/funktioner\/","title":{"rendered":"Funktioner"},"content":{"rendered":"","protected":false},"excerpt":{"rendered":"","protected":false},"author":1,"featured_media":0,"parent":0,"menu_order":0,"comment_status":"closed","ping_status":"closed","template":"","meta":{"_seopress_robots_primary_cat":"","_seopress_titles_title":"Restaurang bokningssystem | \u00d6ka int\u00e4kter | WeBook Today","_seopress_titles_desc":"Ett komplett boknings- och f\u00f6rs\u00e4ljningssystem f\u00f6r restauranger, caf\u00e9er och hotell F&B-avdelningar. F\u00e5 fler bokningar, events och f\u00f6rskottsbetalningar.","_seopress_robots_index":"","content-type":"","pmpro_default_level":0},"_links":{"self":[{"href":"https:\/\/webook.today\/sv\/wp-json\/wp\/v2\/pages\/81777\/"}],"collection":[{"href":"https:\/\/webook.today\/sv\/wp-json\/wp\/v2\/pages\/"}],"about":[{"href":"https:\/\/webook.today\/sv\/wp-json\/wp\/v2\/types\/page\/"}],"author":[{"embeddable":true,"href":"https:\/\/webook.today\/sv\/wp-json\/wp\/v2\/users\/1\/"}],"replies":[{"embeddable":true,"href":"https:\/\/webook.today\/sv\/wp-json\/wp\/v2\/comments\/?post=81777"}],"version-history":[{"count":4,"href":"https:\/\/webook.today\/sv\/wp-json\/wp\/v2\/pages\/81777\/revisions\/"}],"predecessor-version":[{"id":81782,"href":"https:\/\/webook.today\/sv\/wp-json\/wp\/v2\/pages\/81777\/revisions\/81782\/"}],"wp:attachment":[{"href":"https:\/\/webook.today\/sv\/wp-json\/wp\/v2\/media\/?parent=81777"}],"curies":[{"name":"wp","href":"https:\/\/api.w.org\/{rel}","templated":true}]}}